{"id":3075,"date":"2021-01-28T04:17:46","date_gmt":"2021-01-28T04:17:46","guid":{"rendered":"https:\/\/www.cartoons-talide.de\/?page_id=3075"},"modified":"2026-02-05T00:09:12","modified_gmt":"2026-02-05T00:09:12","slug":"contact","status":"publish","type":"page","link":"https:\/\/www.cartoons-talide.de\/?page_id=3075&lang=en","title":{"rendered":"Contact"},"content":{"rendered":"<p>[vc_row el_class=&#8220;over-hide z-bigger&#8220; css=&#8220;.vc_custom_1611699786883{padding-bottom: 100px !important;}&#8220;][vc_column el_class=&#8220;z-bigger&#8220; offset=&#8220;vc_col-lg-9 vc_col-md-9&#8243;]<div role=\"form\" class=\"wpcf7\" id=\"wpcf7-f3077-o1\" lang=\"es-ES\" dir=\"ltr\">\n<div class=\"screen-reader-response\"><p role=\"status\" aria-live=\"polite\" aria-atomic=\"true\"><\/p> <ul><\/ul><\/div>\n<form action=\"\/index.php?rest_route=%2Fwp%2Fv2%2Fpages%2F3075#wpcf7-f3077-o1\" method=\"post\" class=\"wpcf7-form init\" novalidate=\"novalidate\" data-status=\"init\">\n<div style=\"display: none;\">\n<input type=\"hidden\" name=\"_wpcf7\" value=\"3077\" \/>\n<input type=\"hidden\" name=\"_wpcf7_version\" value=\"5.3.2\" \/>\n<input type=\"hidden\" name=\"_wpcf7_locale\" value=\"es_ES\" \/>\n<input type=\"hidden\" name=\"_wpcf7_unit_tag\" value=\"wpcf7-f3077-o1\" \/>\n<input type=\"hidden\" name=\"_wpcf7_container_post\" value=\"0\" \/>\n<input type=\"hidden\" name=\"_wpcf7_posted_data_hash\" value=\"\" \/>\n<\/div>\n<div class=\"row ajax-form\">\n<div class=\"col-md-6\">\n        <span class=\"wpcf7-form-control-wrap your-name\"><input type=\"text\" name=\"your-name\" value=\"\" size=\"40\" class=\"wpcf7-form-control wpcf7-text wpcf7-validates-as-required hover-target\" aria-required=\"true\" aria-invalid=\"false\" placeholder=\"Name: *\" \/><\/span>\n    <\/div>\n<div class=\"col-md-6 mt-4 mt-md-0\">\n\t<span class=\"wpcf7-form-control-wrap your-email\"><input type=\"email\" name=\"your-email\" value=\"\" size=\"40\" class=\"wpcf7-form-control wpcf7-text wpcf7-email wpcf7-validates-as-required wpcf7-validates-as-email hover-target\" aria-required=\"true\" aria-invalid=\"false\" placeholder=\"E-Mail: *\" \/><\/span>\n    <\/div>\n<div class=\"col-md-6 mt-4\">\n\t<span class=\"wpcf7-form-control-wrap your-phone\"><input type=\"text\" name=\"your-phone\" value=\"\" size=\"40\" class=\"wpcf7-form-control wpcf7-text wpcf7-validates-as-required hover-target\" aria-required=\"true\" aria-invalid=\"false\" placeholder=\"Telephone:\" \/><\/span>\n    <\/div>\n<div class=\"col-md-6 mt-4\">\n\t<span class=\"wpcf7-form-control-wrap your-location\"><input type=\"text\" name=\"your-location\" value=\"\" size=\"40\" class=\"wpcf7-form-control wpcf7-text wpcf7-validates-as-required hover-target\" aria-required=\"true\" aria-invalid=\"false\" placeholder=\"City, Country:\" \/><\/span>\n    <\/div>\n<div class=\"col-md-12 mt-4\">\n\t<span class=\"wpcf7-form-control-wrap your-message\"><textarea name=\"your-message\" cols=\"40\" rows=\"10\" class=\"wpcf7-form-control wpcf7-textarea wpcf7-validates-as-required hover-target\" aria-required=\"true\" aria-invalid=\"false\" placeholder=\"Message:\"><\/textarea><\/span>\n    <\/div>\n<div class=\"col-md-12 mt-4\">\n\t<button class=\"wpcf7-form-control wpcf7-submit hover-target\" id=\"send\" data-lang=\"en\"><span>Submit<\/span><\/button>\n    <\/div>\n<\/div>\n<div class=\"wpcf7-response-output\" aria-hidden=\"true\"><\/div><\/form><\/div>[\/vc_column][vc_column el_class=&#8220;mt-4 mt-lg-0 z-bigger&#8220; offset=&#8220;vc_col-lg-3 vc_col-md-3&#8243; css=&#8220;.vc_custom_1611699711703{padding-top: 20px !important;}&#8220;][vc_column_text]<\/p>\n<p style=\"text-align: center;\"><span style=\"color: #99cc00;\">Address:<\/span><br \/>\nWaldemarstra\u00dfe 33, 18057<br \/>\nRostock &#8211; Deutschland<\/p>\n<p style=\"text-align: center;\"><span style=\"color: #99cc00;\">Phone:<strong><br \/>\n<\/strong><\/span>+49 381 2003028<br \/>\n+49 1516 7335773<\/p>\n<p style=\"text-align: center;\"><span style=\"color: #99cc00;\">E-mail:<strong><br \/>\n<\/strong><\/span>competition@cartoons-talide.de<\/p>\n<p style=\"text-align: center;\"><span style=\"color: #99cc00;\">Contact person:<\/span><br \/>\nAna C\u00e1rdenas Carbajal<br \/>\nDr. Rub\u00e9n C\u00e1rdenas Carbajal<\/p>\n<p>[\/vc_column_text][\/vc_column][\/vc_row][vc_row el_class=&#8220;over-hide z-bigger&#8220; css=&#8220;.vc_custom_1611700045678{padding-top: 40px !important;padding-bottom: 100px !important;}&#8220;][vc_column el_class=&#8220;text-center z-bigger&#8220;][vc_gmaps link=&#8220;#E-8_JTNDaWZyYW1lJTIwc3JjJTNEJTIyaHR0cHMlM0ElMkYlMkZ3d3cuZ29vZ2xlLmNvbSUyRm1hcHMlMkZlbWJlZCUzRnBiJTNEJTIxMW0xOCUyMTFtMTIlMjExbTMlMjExZDIzNDAuMDYwMDU4MTI5MzQ2NSUyMTJkMTIuMTA1Mjk1MDE1ODk5NTE1JTIxM2Q1NC4wOTA0MTA1MjY0MTc2MTQlMjEybTMlMjExZjAlMjEyZjAlMjEzZjAlMjEzbTIlMjExaTEwMjQlMjEyaTc2OCUyMTRmMTMuMSUyMTNtMyUyMTFtMiUyMTFzMHg0N2FjNTczNWE0NmY3ZTg3JTI1M0EweDYzZThlNDRhZGZjNjZiYTYlMjEyc1ZlcmVpbiUyNTIwVGFsaWRlJTI1MjBlLlYuJTIxNWUwJTIxM20yJTIxMXNlcy00MTklMjEyc3BlJTIxNHYxNjExNTU5MTA2ODg4JTIxNW0yJTIxMXNlcy00MTklMjEyc3BlJTIyJTIwd2lkdGglM0QlMjI2MDAlMjIlMjBoZWlnaHQlM0QlMjI0NTAlMjIlMjBmcmFtZWJvcmRlciUzRCUyMjAlMjIlMjBzdHlsZSUzRCUyMmJvcmRlciUzQTAlM0IlMjIlMjBhbGxvd2Z1bGxzY3JlZW4lM0QlMjIlMjIlMjBhcmlhLWhpZGRlbiUzRCUyMmZhbHNlJTIyJTIwdGFiaW5kZXglM0QlMjIwJTIyJTNFJTNDJTJGaWZyYW1lJTNF&#8220;][\/vc_column][\/vc_row][vc_row css=&#8220;.vc_custom_1770055402986{background-color: rgba(42,36,31,0.4) !important;*background-color: rgb(42,36,31) !important;}&#8220;][vc_column]\n\t\t\t<!-- START Impressum und Datenschutz REVOLUTION SLIDER 6.3.5 --><p class=\"rs-p-wp-fix\"><\/p>\n\t\t\t<rs-module-wrap id=\"rev_slider_32_1_wrapper\" data-source=\"gallery\" style=\"background:transparent;padding:0;margin:0px auto;margin-top:0;margin-bottom:0;\">\n\t\t\t\t<rs-module id=\"rev_slider_32_1\" style=\"\" data-version=\"6.3.5\">\n\t\t\t\t\t<rs-slides>\n\t\t\t\t\t\t<rs-slide data-key=\"rs-39\" data-title=\"Slide\" data-anim=\"ei:d;eo:d;s:1000;r:0;t:fade;sl:0;\">\n\t\t\t\t\t\t\t<img src=\"\/\/www.cartoons-talide.de\/wp-content\/plugins\/revslider\/public\/assets\/assets\/transparent.png\" alt=\"Slide\" class=\"rev-slidebg\" data-no-retina>\n<!--\n\t\t\t\t\t\t\t--><rs-layer\n\t\t\t\t\t\t\t\tid=\"slider-32-slide-39-layer-0\" \n\t\t\t\t\t\t\t\tdata-type=\"text\"\n\t\t\t\t\t\t\t\tdata-rsp_ch=\"on\"\n\t\t\t\t\t\t\t\tdata-xy=\"x:c;y:m,t,t,t;yo:-65px,24px,22px,21px;\"\n\t\t\t\t\t\t\t\tdata-text=\"w:normal;s:35,40,32,23;l:45,72,69,58;ls:2px,1px,0px,1px;a:center;\"\n\t\t\t\t\t\t\t\tdata-dim=\"w:670px,570px,450px,352px;\"\n\t\t\t\t\t\t\t\tdata-frame_0=\"y:50,42,31,19;\"\n\t\t\t\t\t\t\t\tdata-frame_1=\"sp:1000;\"\n\t\t\t\t\t\t\t\tdata-frame_999=\"o:0;st:w;\"\n\t\t\t\t\t\t\t\tstyle=\"z-index:9;font-family:Raleway;\"\n\t\t\t\t\t\t\t><strong>Impressum und Datenschutz<\/strong> \n\t\t\t\t\t\t\t<\/rs-layer><!--\n\n\t\t\t\t\t\t\t--><a\n\t\t\t\t\t\t\t\tid=\"slider-32-slide-39-layer-2\" \n\t\t\t\t\t\t\t\tclass=\"rs-layer icon-left rev-btn\"\n\t\t\t\t\t\t\t\thref=\"https:\/\/www.cartoons-talide.de\/wp-content\/uploads\/home\/Impressum.pdf\" target=\"_blank\" rel=\"noopener\"\n\t\t\t\t\t\t\t\tdata-type=\"button\"\n\t\t\t\t\t\t\t\tdata-xy=\"x:c;xo:-200px,-170px,-132px,-100px;y:b,m,m,m;yo:63px,31px,24px,24px;\"\n\t\t\t\t\t\t\t\tdata-text=\"w:normal;s:18,17,15,14;l:36;fw:600;a:center;\"\n\t\t\t\t\t\t\t\tdata-dim=\"w:260px,225px,190px,150px;h:auto,auto,auto,50px;minh:0px,none,none,none;\"\n\t\t\t\t\t\t\t\tdata-rsp_bd=\"off\"\n\t\t\t\t\t\t\t\tdata-padding=\"t:20,17,13,8;r:20,17,13,8;b:20,17,13,8;l:20,17,13,8;\"\n\t\t\t\t\t\t\t\tdata-frame_0=\"y:50,42,31,19;\"\n\t\t\t\t\t\t\t\tdata-frame_1=\"st:800;sp:1000;\"\n\t\t\t\t\t\t\t\tdata-frame_999=\"o:0;st:w;\"\n\t\t\t\t\t\t\t\tdata-frame_hover=\"c:#fff;bgc:rgba(42,36,31,0.5);boc:rgba(255,255,255,0.35);bor:0px,0px,0px,0px;bos:solid;bow:1px,1px,1px,1px;e:power1.inOut;\"\n\t\t\t\t\t\t\t\tstyle=\"z-index:11;background-color:rgba(255,255,255,0.1);font-family:Open Sans;\"\n\t\t\t\t\t\t\t><i class=\"fa-download\"><\/i> Impressum \n\t\t\t\t\t\t\t<\/a><!--\n\n\t\t\t\t\t\t\t--><a\n\t\t\t\t\t\t\t\tid=\"slider-32-slide-39-layer-4\" \n\t\t\t\t\t\t\t\tclass=\"rs-layer icon-left rev-btn\"\n\t\t\t\t\t\t\t\thref=\"https:\/\/www.cartoons-talide.de\/wp-content\/uploads\/home\/Datenschutz.pdf\" target=\"_blank\" rel=\"noopener\"\n\t\t\t\t\t\t\t\tdata-type=\"button\"\n\t\t\t\t\t\t\t\tdata-xy=\"x:c;xo:200px,170px,132px,100px;y:b,m,m,m;yo:64px,31px,24px,24px;\"\n\t\t\t\t\t\t\t\tdata-text=\"w:normal;s:18,17,15,14;l:36;fw:600;a:center;\"\n\t\t\t\t\t\t\t\tdata-dim=\"w:260px,225px,190px,150px;h:auto,66px,auto,50px;minh:0px,none,none,none;\"\n\t\t\t\t\t\t\t\tdata-rsp_bd=\"off\"\n\t\t\t\t\t\t\t\tdata-padding=\"t:20,17,13,8;r:20,17,13,8;b:20,17,13,8;l:20,17,13,8;\"\n\t\t\t\t\t\t\t\tdata-frame_0=\"y:50,42,31,19;\"\n\t\t\t\t\t\t\t\tdata-frame_1=\"st:800;sp:1000;\"\n\t\t\t\t\t\t\t\tdata-frame_999=\"o:0;st:w;\"\n\t\t\t\t\t\t\t\tdata-frame_hover=\"c:#fff;bgc:rgba(42,36,31,0.5);boc:rgba(255,255,255,0.35);bor:0px,0px,0px,0px;bos:solid;bow:1px,1px,1px,1px;e:power1.inOut;\"\n\t\t\t\t\t\t\t\tstyle=\"z-index:10;background-color:rgba(255,255,255,0.1);font-family:Open Sans;\"\n\t\t\t\t\t\t\t><i class=\"fa-download\"><\/i> Datenschutz \n\t\t\t\t\t\t\t<\/a><!--\n-->\t\t\t\t\t\t<\/rs-slide>\n\t\t\t\t\t<\/rs-slides>\n\t\t\t\t<\/rs-module>\n\t\t\t\t<script type=\"text\/javascript\">\n\t\t\t\t\tsetREVStartSize({c: 'rev_slider_32_1',rl:[1240,1024,778,480],el:[270,245,225,200],gw:[1200,1024,778,480],gh:[270,245,225,200],type:'standard',justify:'',layout:'fullwidth',mh:\"0\"});\n\t\t\t\t\tvar\trevapi32,\n\t\t\t\t\t\ttpj;\n\t\t\t\t\tfunction revinit_revslider321() {\n\t\t\t\t\tjQuery(function() {\n\t\t\t\t\t\ttpj = jQuery;\n\t\t\t\t\t\trevapi32 = tpj(\"#rev_slider_32_1\");\n\t\t\t\t\t\tif(revapi32==undefined || revapi32.revolution == undefined){\n\t\t\t\t\t\t\trevslider_showDoubleJqueryError(\"rev_slider_32_1\");\n\t\t\t\t\t\t}else{\n\t\t\t\t\t\t\trevapi32.revolution({\n\t\t\t\t\t\t\t\tsliderLayout:\"fullwidth\",\n\t\t\t\t\t\t\t\tvisibilityLevels:\"1240,1024,778,480\",\n\t\t\t\t\t\t\t\tgridwidth:\"1200,1024,778,480\",\n\t\t\t\t\t\t\t\tgridheight:\"270,245,225,200\",\n\t\t\t\t\t\t\t\tspinner:\"spinner0\",\n\t\t\t\t\t\t\t\tperspective:600,\n\t\t\t\t\t\t\t\tperspectiveType:\"local\",\n\t\t\t\t\t\t\t\teditorheight:\"270,245,225,200\",\n\t\t\t\t\t\t\t\tresponsiveLevels:\"1240,1024,778,480\",\n\t\t\t\t\t\t\t\tprogressBar:{disableProgressBar:true},\n\t\t\t\t\t\t\t\tnavigation: {\n\t\t\t\t\t\t\t\t\tonHoverStop:false\n\t\t\t\t\t\t\t\t},\n\t\t\t\t\t\t\t\tfallbacks: {\n\t\t\t\t\t\t\t\t\tallowHTML5AutoPlayOnAndroid:true\n\t\t\t\t\t\t\t\t},\n\t\t\t\t\t\t\t});\n\t\t\t\t\t\t}\n\t\t\t\t\t\t\n\t\t\t\t\t});\n\t\t\t\t\t} \/\/ End of RevInitScript\n\t\t\t\tvar once_revslider321 = false;\n\t\t\t\tif (document.readyState === \"loading\") {document.addEventListener('readystatechange',function() { if((document.readyState === \"interactive\" || document.readyState === \"complete\") && !once_revslider321 ) { once_revslider321 = true; revinit_revslider321();}});} else {once_revslider321 = true; revinit_revslider321();}\n\t\t\t\t<\/script>\n\t\t\t<\/rs-module-wrap>\n\t\t\t<!-- END REVOLUTION SLIDER -->\n[\/vc_column][\/vc_row][vc_row fullwidth=&#8220;yes&#8220; el_class=&#8220;over-hide z-bigger background-dark-3 footer&#8220; css=&#8220;.vc_custom_1612108376101{background-color: #219226 !important;}&#8220;][vc_column css=&#8220;.vc_custom_1552554453874{padding-top: 100px !important;padding-bottom: 100px !important;}&#8220;]    <div class=\"shadow-on-footer\"  data-scroll-reveal=\"enter bottom move 30px over 0.5s after 0.1s\">competition@cartoons-talide.de<\/div>    <div class=\"container\"  data-scroll-reveal=\"enter bottom move 20px over 0.5s after 0.4s\">\r\n        <div class=\"row\">\r\n            <div class=\"col-12 text-center z-bigger py-5\">\r\n                <div class=\"footer-lines\">\r\n                    <a class=\"hover-target animsition-link\" href=\"#\" target=\"_self\"><h4>Send us an e-mail<\/h4><\/a>                <\/div>\r\n            <\/div>\r\n        <\/div>\r\n    <\/div>   \r\n\r\n    [\/vc_column][\/vc_row]<\/p>\n","protected":false},"excerpt":{"rendered":"<p>[vc_row el_class=&#8220;over-hide z-bigger&#8220; css=&#8220;.vc_custom_1611699786883{padding-bottom: 100px !important;}&#8220;][vc_column el_class=&#8220;z-bigger&#8220; offset=&#8220;vc_col-lg-9 vc_col-md-9&#8243;][\/vc_column][vc_column el_class=&#8220;mt-4 mt-lg-0 z-bigger&#8220; offset=&#8220;vc_col-lg-3 vc_col-md-3&#8243; css=&#8220;.vc_custom_1611699711703{padding-top: 20px !important;}&#8220;][vc_column_text] Address: Waldemarstra\u00dfe 33, 18057 Rostock &#8211; Deutschland Phone: +49 381 2003028 +49 1516 7335773 E-mail: competition@cartoons-talide.de Contact person: Ana C\u00e1rdenas Carbajal Dr. Rub\u00e9n C\u00e1rdenas Carbajal [\/vc_column_text][\/vc_column][\/vc_row][vc_row el_class=&#8220;over-hide z-bigger&#8220; css=&#8220;.vc_custom_1611700045678{padding-top: 40px !important;padding-bottom: 100px !important;}&#8220;][vc_column el_class=&#8220;text-center z-bigger&#8220;][vc_gmaps link=&#8220;#E-8_JTNDaWZyYW1lJTIwc3JjJTNEJTIyaHR0cHMlM0ElMkYlMkZ3d3cuZ29vZ2xlLmNvbSUyRm1hcHMlMkZlbWJlZCUzRnBiJTNEJTIxMW0xOCUyMTFtMTIlMjExbTMlMjExZDIzNDAuMDYwMDU4MTI5MzQ2NSUyMTJkMTIuMTA1Mjk1MDE1ODk5NTE1JTIxM2Q1NC4wOTA0MTA1MjY0MTc2MTQlMjEybTMlMjExZjAlMjEyZjAlMjEzZjAlMjEzbTIlMjExaTEwMjQlMjEyaTc2OCUyMTRmMTMuMSUyMTNtMyUyMTFtMiUyMTFzMHg0N2FjNTczNWE0NmY3ZTg3JTI1M0EweDYzZThlNDRhZGZjNjZiYTYlMjEyc1ZlcmVpbiUyNTIwVGFsaWRlJTI1MjBlLlYuJTIxNWUwJTIxM20yJTIxMXNlcy00MTklMjEyc3BlJTIxNHYxNjExNTU5MTA2ODg4JTIxNW0yJTIxMXNlcy00MTklMjEyc3BlJTIyJTIwd2lkdGglM0QlMjI2MDAlMjIlMjBoZWlnaHQlM0QlMjI0NTAlMjIlMjBmcmFtZWJvcmRlciUzRCUyMjAlMjIlMjBzdHlsZSUzRCUyMmJvcmRlciUzQTAlM0IlMjIlMjBhbGxvd2Z1bGxzY3JlZW4lM0QlMjIlMjIlMjBhcmlhLWhpZGRlbiUzRCUyMmZhbHNlJTIyJTIwdGFiaW5kZXglM0QlMjIwJTIyJTNFJTNDJTJGaWZyYW1lJTNF&#8220;][\/vc_column][\/vc_row][vc_row css=&#8220;.vc_custom_1770055402986{background-color: rgba(42,36,31,0.4) [&hellip;]<\/p>\n","protected":false},"author":1,"featured_media":0,"parent":0,"menu_order":0,"comment_status":"closed","ping_status":"closed","template":"","meta":[],"_links":{"self":[{"href":"https:\/\/www.cartoons-talide.de\/index.php?rest_route=\/wp\/v2\/pages\/3075"}],"collection":[{"href":"https:\/\/www.cartoons-talide.de\/index.php?rest_route=\/wp\/v2\/pages"}],"about":[{"href":"https:\/\/www.cartoons-talide.de\/index.php?rest_route=\/wp\/v2\/types\/page"}],"author":[{"embeddable":true,"href":"https:\/\/www.cartoons-talide.de\/index.php?rest_route=\/wp\/v2\/users\/1"}],"replies":[{"embeddable":true,"href":"https:\/\/www.cartoons-talide.de\/index.php?rest_route=%2Fwp%2Fv2%2Fcomments&post=3075"}],"version-history":[{"count":12,"href":"https:\/\/www.cartoons-talide.de\/index.php?rest_route=\/wp\/v2\/pages\/3075\/revisions"}],"predecessor-version":[{"id":6340,"href":"https:\/\/www.cartoons-talide.de\/index.php?rest_route=\/wp\/v2\/pages\/3075\/revisions\/6340"}],"wp:attachment":[{"href":"https:\/\/www.cartoons-talide.de\/index.php?rest_route=%2Fwp%2Fv2%2Fmedia&parent=3075"}],"curies":[{"name":"wp","href":"https:\/\/api.w.org\/{rel}","templated":true}]}}