{"id":336,"date":"2021-01-13T00:08:32","date_gmt":"2021-01-13T00:08:32","guid":{"rendered":"https:\/\/www.cartoons-talide.de\/?page_id=336"},"modified":"2026-03-06T04:19:02","modified_gmt":"2026-03-06T04:19:02","slug":"wettbewerbsaufruf","status":"publish","type":"page","link":"https:\/\/www.cartoons-talide.de\/?page_id=336","title":{"rendered":"Wettbewerbsaufruf 2021"},"content":{"rendered":"<p>[vc_row el_class=&#8220;over-hide z-bigger&#8220; css=&#8220;.vc_custom_1552634248137{padding-bottom: 140px !important;}&#8220;][vc_column el_class=&#8220;img-wrap px-5 px-xl-2 z-bigger&#8220;][vc_single_image image=&#8220;6320&#8243; img_size=&#8220;full&#8220; css_animation=&#8220;zoomIn&#8220; css=&#8220;.vc_custom_1770343422865{margin-bottom: 0px !important;}&#8220;][\/vc_column][vc_column el_class=&#8220;padding-top z-bigger&#8220;][vc_custom_heading text=&#8220;Korruption und Entwicklung&#8220; font_container=&#8220;tag:h3|text_align:left&#8220; use_theme_fonts=&#8220;yes&#8220;][vc_column_text][\/vc_column_text][\/vc_column][vc_column][vc_column_text]Korruption ist eine der gro\u00dfen H\u00fcrden der sozio-\u00f6konomischen Entwicklung auf der ganzen Welt. Die Kosten der Korruption sind riesig f\u00fcr die Gesellschaft und die Natur. Private Interessen werden zum Nachteil der Allgemeinheit und der Entwicklungsf\u00f6rderung durchgesetzt. Armut und die sozialen Ungleichheiten wachsen aufgrund der Verzerrung der Verteilung der Einkommen und durch Entscheidungen \u00fcber Ausgaben, die sehr stark durch korrupte Praktiken beeinflusst werden.<\/p>\n<p>Korruption hat unterschiedliche Gesichter und Dimensionen wie zum Beispiel Bestechung, Veruntreuung, illegale Finanzierung von Parteien, Steuerkapitalflucht und viele andere.<\/p>\n<p>Eines der verheerendsten Probleme ist jedoch die Toleranz, die die Gesellschaft gegen\u00fcber der Korruption in der Welt entwickelt hat. Diese Toleranz \u00e4u\u00dfert sich als Umkehrung der Werteskala und tritt oftmals als folgende Sprichw\u00f6rter in der Gesellschaft auf: \u201eder Ehrliche ist der Dumme\u201c und \u201edumm ist derjenige, der sich ertappen l\u00e4sst\u201c. Als Meinung \u00fcber Politikern, die gew\u00e4hlt werden, gilt mittlerweile oft: \u201ebesser ist es, einen bekannten R\u00e4uber zu w\u00e4hlen, als einen, der es werden will\u201c oder \u201eer hat geraubt, aber auch viel aufgebaut\u201c bzw. \u201eWir w\u00e4hlen lieber nur das kleinere \u00dcbel\u201c.<\/p>\n<p>Daher suchen Wir Dich und deine satirischen und kritischen Betrachtungen der Korruption, die humorvoll die Gesellschaft zum Thema Korruption sensibilisieren und aufkl\u00e4ren.[\/vc_column_text][vc_column_text css=&#8220;.vc_custom_1610606188019{margin-bottom: 0px !important;}&#8220;]<\/p>\n<ul class=\"studio-list\">\n<li>Zeig uns, wo Dir in Deinem Alltag dir Korruption bereits begegnet ist.<\/li>\n<li>Welchen negativen Einfluss hat Korruption auf die Welt?<\/li>\n<li>Wie sieht der Kampf gegen Korruption heutzutage aus?<\/li>\n<\/ul>\n<p>[\/vc_column_text][vc_column_text][\/vc_column_text][vc_column_text]Wir suchen Karikaturen, die auch darauf aufmerksam machen, dass der Kampf gegen Korruption sehr viel mit dem SDG-Ziel 16 (Sustainable Development Goal) \u201eFrieden, Gerechtigkeit und starke Institutionen\u201c zu tun hat. Um im Kontext auch \u00fcber dieses Ziel und ihre Verbindung mit anderen SDG`s (Ziele f\u00fcr nachhaltige Entwicklung) aufzukl\u00e4ren und Wissen \u00fcber diese an alle Generationen weiterzuvermitteln.[\/vc_column_text][\/vc_column][vc_column el_class=&#8220;mt-2 mb-5 page-title-small z-bigger&#8220;][vc_column_text el_class=&#8220;mb-0 pb-0&#8243; css=&#8220;.vc_custom_1610606216332{margin-bottom: 0px !important;}&#8220;]Einsendestart: 25. Januar 2021[\/vc_column_text][vc_column_text][\/vc_column_text][vc_column_text el_class=&#8220;mb-0 pb-0&#8243; css=&#8220;.vc_custom_1622433916950{margin-bottom: 0px !important;}&#8220;]Einsendeschluss: 30. Juni 2021[\/vc_column_text][\/vc_column][vc_column width=&#8220;1\/3&#8243;][\/vc_column][vc_column width=&#8220;2\/3&#8243; el_class=&#8220;padding-top z-bigger&#8220;][vc_column_text css_animation=&#8220;bounceInLeft&#8220; css=&#8220;.vc_custom_1772770666464{margin-bottom: 0px !important;}&#8220;]<\/p>\n<p class=\"lead-big color-white mb-0\"><span style=\"color: #ffcc00;\"><em>Zeig uns Deine Sicht auf die Welt und deren innewohnenden Korruption.<\/em><\/span><\/p>\n<p class=\"lead-big color-white mb-0\"><span style=\"color: #ffcc00;\"><em>Erkl\u00e4r&#8217;s mal einfach! Mit den Mitteln von Cartoon und Karikatur<\/em><\/span><\/p>\n<p>[\/vc_column_text][\/vc_column][\/vc_row][vc_row][vc_column]\n\t\t\t<!-- START Promotores 2 REVOLUTION SLIDER 6.3.5 --><p class=\"rs-p-wp-fix\"><\/p>\n\t\t\t<rs-module-wrap id=\"rev_slider_28_1_wrapper\" data-source=\"gallery\" style=\"background:transparent;padding:0;margin:0px auto;margin-top:0;margin-bottom:0;\">\n\t\t\t\t<rs-module id=\"rev_slider_28_1\" style=\"\" data-version=\"6.3.5\">\n\t\t\t\t\t<rs-slides>\n\t\t\t\t\t\t<rs-slide data-key=\"rs-35\" data-title=\"Slide\" data-anim=\"ei:d;eo:d;s:1000;r:0;t:fade;sl:0;\">\n\t\t\t\t\t\t\t<img src=\"\/\/www.cartoons-talide.de\/wp-content\/plugins\/revslider\/public\/assets\/assets\/transparent.png\" alt=\"Slide\" title=\"Wettbewerbsaufruf 2021\" data-bg=\"c:#ffffff;\" class=\"rev-slidebg\" data-no-retina>\n<!--\n\t\t\t\t\t\t\t--><a\n\t\t\t\t\t\t\t\tid=\"slider-28-slide-35-layer-1\" \n\t\t\t\t\t\t\t\tclass=\"rs-layer\"\n\t\t\t\t\t\t\t\thref=\"https:\/\/www.nue-stiftung.de\/\" target=\"_blank\" rel=\"noopener\"\n\t\t\t\t\t\t\t\tdata-type=\"image\"\n\t\t\t\t\t\t\t\tdata-rsp_ch=\"on\"\n\t\t\t\t\t\t\t\tdata-xy=\"xo:0,2px,2px,67px;y:m;yo:0,0,0,-29px;\"\n\t\t\t\t\t\t\t\tdata-text=\"w:normal;s:20,16,12,7;l:0,20,15,9;\"\n\t\t\t\t\t\t\t\tdata-dim=\"w:161px,132px,100px,88px;h:55px,45px,34px,30px;\"\n\t\t\t\t\t\t\t\tdata-frame_999=\"o:0;st:w;\"\n\t\t\t\t\t\t\t\tstyle=\"z-index:8;\"\n\t\t\t\t\t\t\t><img src=\"\/\/www.cartoons-talide.de\/wp-content\/uploads\/promotores\/Norddeutsche-Stiftung-fuer-Umwelt-und-Entwicklung-Logo.png\" width=\"179\" height=\"61\" data-no-retina> \n\t\t\t\t\t\t\t<\/a><!--\n\n\t\t\t\t\t\t\t--><a\n\t\t\t\t\t\t\t\tid=\"slider-28-slide-35-layer-2\" \n\t\t\t\t\t\t\t\tclass=\"rs-layer\"\n\t\t\t\t\t\t\t\thref=\"https:\/\/www.katholischer-fonds.de\/\" target=\"_blank\" rel=\"noopener\"\n\t\t\t\t\t\t\t\tdata-type=\"image\"\n\t\t\t\t\t\t\t\tdata-rsp_ch=\"on\"\n\t\t\t\t\t\t\t\tdata-xy=\"xo:704px,581px,335px,252px;y:m;yo:0,0,0,-29px;\"\n\t\t\t\t\t\t\t\tdata-text=\"w:normal;s:20,16,12,7;l:0,20,15,9;\"\n\t\t\t\t\t\t\t\tdata-dim=\"w:90px,74px,56px,45px;h:60px,49px,37px,30px;\"\n\t\t\t\t\t\t\t\tdata-frame_999=\"o:0;st:w;\"\n\t\t\t\t\t\t\t\tstyle=\"z-index:9;\"\n\t\t\t\t\t\t\t><img src=\"\/\/www.cartoons-talide.de\/wp-content\/uploads\/promotores\/Katholischer-Fonds-Logo.png\" width=\"92\" height=\"61\" data-no-retina> \n\t\t\t\t\t\t\t<\/a><!--\n\n\t\t\t\t\t\t\t--><a\n\t\t\t\t\t\t\t\tid=\"slider-28-slide-35-layer-3\" \n\t\t\t\t\t\t\t\tclass=\"rs-layer\"\n\t\t\t\t\t\t\t\thref=\"https:\/\/www.ggp-gruppe.de\/\" target=\"_blank\" rel=\"noopener\"\n\t\t\t\t\t\t\t\tdata-type=\"image\"\n\t\t\t\t\t\t\t\tdata-rsp_ch=\"on\"\n\t\t\t\t\t\t\t\tdata-xy=\"xo:225px,162px,124px,175px;y:m;yo:0,0,0,-29px;\"\n\t\t\t\t\t\t\t\tdata-text=\"w:normal;s:20,16,12,7;l:0,20,15,9;\"\n\t\t\t\t\t\t\t\tdata-dim=\"w:104px,85px,64px,57px;h:55px,45px,34px,30px;\"\n\t\t\t\t\t\t\t\tdata-frame_999=\"o:0;st:w;\"\n\t\t\t\t\t\t\t\tstyle=\"z-index:10;\"\n\t\t\t\t\t\t\t><img src=\"\/\/www.cartoons-talide.de\/wp-content\/uploads\/promotores\/GGP-Gruppe-Logo.png\" width=\"113\" height=\"60\" data-no-retina> \n\t\t\t\t\t\t\t<\/a><!--\n\n\t\t\t\t\t\t\t--><rs-layer\n\t\t\t\t\t\t\t\tid=\"slider-28-slide-35-layer-4\" \n\t\t\t\t\t\t\t\tdata-type=\"image\"\n\t\t\t\t\t\t\t\tdata-rsp_ch=\"on\"\n\t\t\t\t\t\t\t\tdata-xy=\"x:r;xo:0,0,538px,198px;y:m;yo:0,0,0,28px;\"\n\t\t\t\t\t\t\t\tdata-text=\"w:normal;s:20,16,12,7;l:0,20,15,9;\"\n\t\t\t\t\t\t\t\tdata-dim=\"w:184px,151px,114px,97px;h:53px,43px,32px,28px;\"\n\t\t\t\t\t\t\t\tdata-frame_999=\"o:0;st:w;\"\n\t\t\t\t\t\t\t\tstyle=\"z-index:15;\"\n\t\t\t\t\t\t\t><img src=\"\/\/www.cartoons-talide.de\/wp-content\/uploads\/promotores\/FABRO-Logo.png\" width=\"194\" height=\"56\" data-no-retina> \n\t\t\t\t\t\t\t<\/rs-layer><!--\n\n\t\t\t\t\t\t\t--><a\n\t\t\t\t\t\t\t\tid=\"slider-28-slide-35-layer-6\" \n\t\t\t\t\t\t\t\tclass=\"rs-layer\"\n\t\t\t\t\t\t\t\thref=\"https:\/\/www.rosalux.de\/\" target=\"_blank\" rel=\"noopener\"\n\t\t\t\t\t\t\t\tdata-type=\"image\"\n\t\t\t\t\t\t\t\tdata-rsp_ch=\"on\"\n\t\t\t\t\t\t\t\tdata-xy=\"xo:834px,688px,411px,128px;y:m;yo:0,0,0,28px;\"\n\t\t\t\t\t\t\t\tdata-text=\"w:normal;s:20,16,12,7;l:0,20,15,9;\"\n\t\t\t\t\t\t\t\tdata-dim=\"w:78px,64px,48px,42px;h:55px,45px,34px,30px;\"\n\t\t\t\t\t\t\t\tdata-frame_999=\"o:0;st:w;\"\n\t\t\t\t\t\t\t\tstyle=\"z-index:12;\"\n\t\t\t\t\t\t\t><img src=\"\/\/www.cartoons-talide.de\/wp-content\/uploads\/promotores\/Rosa-Luxemburg-Stiftung-Logo.png\" width=\"86\" height=\"61\" data-no-retina> \n\t\t\t\t\t\t\t<\/a><!--\n\n\t\t\t\t\t\t\t--><a\n\t\t\t\t\t\t\t\tid=\"slider-28-slide-35-layer-7\" \n\t\t\t\t\t\t\t\tclass=\"rs-layer\"\n\t\t\t\t\t\t\t\thref=\"https:\/\/www.ndr.de\/fernsehen\/sendungen\/bingo_die_umweltlotterie\/index.html\" target=\"_blank\" rel=\"noopener\"\n\t\t\t\t\t\t\t\tdata-type=\"image\"\n\t\t\t\t\t\t\t\tdata-rsp_ch=\"on\"\n\t\t\t\t\t\t\t\tdata-xy=\"xo:954px,787px,479px,67px;y:m;yo:0,0,0,28px;\"\n\t\t\t\t\t\t\t\tdata-text=\"w:normal;s:20,16,12,7;l:0,20,15,9;\"\n\t\t\t\t\t\t\t\tdata-dim=\"w:63px,52px,39px,31px;h:60px,49px,37px,30px;\"\n\t\t\t\t\t\t\t\tdata-frame_999=\"o:0;st:w;\"\n\t\t\t\t\t\t\t\tstyle=\"z-index:13;\"\n\t\t\t\t\t\t\t><img src=\"\/\/www.cartoons-talide.de\/wp-content\/uploads\/promotores\/Lottery-BINGO-Die-Umweltlotterie-Logo.png\" width=\"65\" height=\"62\" data-no-retina> \n\t\t\t\t\t\t\t<\/a><!--\n\n\t\t\t\t\t\t\t--><a\n\t\t\t\t\t\t\t\tid=\"slider-28-slide-35-layer-8\" \n\t\t\t\t\t\t\t\tclass=\"rs-layer\"\n\t\t\t\t\t\t\t\thref=\"https:\/\/www.facebook.com\/El-Indio-629336273800835\/\" target=\"_blank\" rel=\"noopener\"\n\t\t\t\t\t\t\t\tdata-type=\"image\"\n\t\t\t\t\t\t\t\tdata-rsp_ch=\"on\"\n\t\t\t\t\t\t\t\tdata-xy=\"x:l,l,l,r;xo:476px,393px,207px,70px;y:m;yo:0,0,0,-29px;\"\n\t\t\t\t\t\t\t\tdata-text=\"w:normal;s:20,16,12,7;l:0,20,15,9;\"\n\t\t\t\t\t\t\t\tdata-dim=\"w:174px,143px,108px,97px;h:45px,37px,28px,25px;\"\n\t\t\t\t\t\t\t\tdata-frame_999=\"o:0;st:w;\"\n\t\t\t\t\t\t\t\tstyle=\"z-index:11;\"\n\t\t\t\t\t\t\t><img src=\"\/\/www.cartoons-talide.de\/wp-content\/uploads\/promotores\/El-Indio-Logo.png\" width=\"201\" height=\"52\" data-no-retina> \n\t\t\t\t\t\t\t<\/a><!--\n-->\t\t\t\t\t\t<\/rs-slide>\n\t\t\t\t\t<\/rs-slides>\n\t\t\t\t<\/rs-module>\n\t\t\t\t<script type=\"text\/javascript\">\n\t\t\t\t\tsetREVStartSize({c: 'rev_slider_28_1',rl:[1240,1024,778,480],el:[140,100,90,120],gw:[1240,1024,778,480],gh:[140,100,90,120],type:'standard',justify:'',layout:'fullwidth',mh:\"0\"});\n\t\t\t\t\tvar\trevapi28,\n\t\t\t\t\t\ttpj;\n\t\t\t\t\tfunction revinit_revslider281() {\n\t\t\t\t\tjQuery(function() {\n\t\t\t\t\t\ttpj = jQuery;\n\t\t\t\t\t\trevapi28 = tpj(\"#rev_slider_28_1\");\n\t\t\t\t\t\tif(revapi28==undefined || revapi28.revolution == undefined){\n\t\t\t\t\t\t\trevslider_showDoubleJqueryError(\"rev_slider_28_1\");\n\t\t\t\t\t\t}else{\n\t\t\t\t\t\t\trevapi28.revolution({\n\t\t\t\t\t\t\t\tsliderLayout:\"fullwidth\",\n\t\t\t\t\t\t\t\tvisibilityLevels:\"1240,1024,778,480\",\n\t\t\t\t\t\t\t\tgridwidth:\"1240,1024,778,480\",\n\t\t\t\t\t\t\t\tgridheight:\"140,100,90,120\",\n\t\t\t\t\t\t\t\tperspective:600,\n\t\t\t\t\t\t\t\tperspectiveType:\"global\",\n\t\t\t\t\t\t\t\teditorheight:\"140,100,90,120\",\n\t\t\t\t\t\t\t\tresponsiveLevels:\"1240,1024,778,480\",\n\t\t\t\t\t\t\t\tprogressBar:{disableProgressBar:true},\n\t\t\t\t\t\t\t\tnavigation: {\n\t\t\t\t\t\t\t\t\tonHoverStop:false\n\t\t\t\t\t\t\t\t},\n\t\t\t\t\t\t\t\tfallbacks: {\n\t\t\t\t\t\t\t\t\tallowHTML5AutoPlayOnAndroid:true\n\t\t\t\t\t\t\t\t},\n\t\t\t\t\t\t\t});\n\t\t\t\t\t\t}\n\t\t\t\t\t\t\n\t\t\t\t\t});\n\t\t\t\t\t} \/\/ End of RevInitScript\n\t\t\t\tvar once_revslider281 = false;\n\t\t\t\tif (document.readyState === \"loading\") {document.addEventListener('readystatechange',function() { if((document.readyState === \"interactive\" || document.readyState === \"complete\") && !once_revslider281 ) { once_revslider281 = true; revinit_revslider281();}});} else {once_revslider281 = true; revinit_revslider281();}\n\t\t\t\t<\/script>\n\t\t\t<\/rs-module-wrap>\n\t\t\t<!-- END REVOLUTION SLIDER -->\n[\/vc_column][\/vc_row][vc_row el_class=&#8220;over-hide z-bigger background-dark-3 footer&#8220; css=&#8220;.vc_custom_1611447555731{background-color: #219226 !important;}&#8220;][vc_column css=&#8220;.vc_custom_1552634275819{padding-top: 100px !important;padding-bottom: 100px !important;}&#8220;]    <div class=\"shadow-on-footer\"  data-scroll-reveal=\"enter bottom move 30px over 0.5s after 0.1s\">Jetzt teilnehmen<\/div>    <div class=\"container\"  data-scroll-reveal=\"enter bottom move 20px over 0.5s after 0.4s\">\r\n        <div class=\"row\">\r\n            <div class=\"col-12 text-center z-bigger py-5\">\r\n                <div class=\"footer-lines\">\r\n                    <a class=\"hover-target animsition-link\" href=\"https:\/\/www.cartoons-talide.de\/?page_id=340\" target=\"_self\"><h4>Hast du einen Cartoon?<\/h4><\/a>                <\/div>\r\n            <\/div>\r\n        <\/div>\r\n    <\/div>   \r\n\r\n    [\/vc_column][\/vc_row]<\/p>\n","protected":false},"excerpt":{"rendered":"<p>[vc_row el_class=&#8220;over-hide z-bigger&#8220; css=&#8220;.vc_custom_1552634248137{padding-bottom: 140px !important;}&#8220;][vc_column el_class=&#8220;img-wrap px-5 px-xl-2 z-bigger&#8220;][vc_single_image image=&#8220;6320&#8243; img_size=&#8220;full&#8220; css_animation=&#8220;zoomIn&#8220; css=&#8220;.vc_custom_1770343422865{margin-bottom: 0px !important;}&#8220;][\/vc_column][vc_column el_class=&#8220;padding-top z-bigger&#8220;][vc_custom_heading text=&#8220;Korruption und Entwicklung&#8220; font_container=&#8220;tag:h3|text_align:left&#8220; use_theme_fonts=&#8220;yes&#8220;][vc_column_text][\/vc_column_text][\/vc_column][vc_column][vc_column_text]Korruption ist eine der gro\u00dfen H\u00fcrden der sozio-\u00f6konomischen Entwicklung auf der ganzen Welt. Die Kosten der Korruption sind riesig f\u00fcr die Gesellschaft und die Natur. Private Interessen werden zum Nachteil der Allgemeinheit und [&hellip;]<\/p>\n","protected":false},"author":1,"featured_media":0,"parent":0,"menu_order":0,"comment_status":"closed","ping_status":"closed","template":"","meta":[],"_links":{"self":[{"href":"https:\/\/www.cartoons-talide.de\/index.php?rest_route=\/wp\/v2\/pages\/336"}],"collection":[{"href":"https:\/\/www.cartoons-talide.de\/index.php?rest_route=\/wp\/v2\/pages"}],"about":[{"href":"https:\/\/www.cartoons-talide.de\/index.php?rest_route=\/wp\/v2\/types\/page"}],"author":[{"embeddable":true,"href":"https:\/\/www.cartoons-talide.de\/index.php?rest_route=\/wp\/v2\/users\/1"}],"replies":[{"embeddable":true,"href":"https:\/\/www.cartoons-talide.de\/index.php?rest_route=%2Fwp%2Fv2%2Fcomments&post=336"}],"version-history":[{"count":18,"href":"https:\/\/www.cartoons-talide.de\/index.php?rest_route=\/wp\/v2\/pages\/336\/revisions"}],"predecessor-version":[{"id":6603,"href":"https:\/\/www.cartoons-talide.de\/index.php?rest_route=\/wp\/v2\/pages\/336\/revisions\/6603"}],"wp:attachment":[{"href":"https:\/\/www.cartoons-talide.de\/index.php?rest_route=%2Fwp%2Fv2%2Fmedia&parent=336"}],"curies":[{"name":"wp","href":"https:\/\/api.w.org\/{rel}","templated":true}]}}