{"id":339,"date":"2021-01-13T00:08:32","date_gmt":"2021-01-13T00:08:32","guid":{"rendered":"https:\/\/www.cartoons-talide.de\/?page_id=339"},"modified":"2026-02-06T01:49:28","modified_gmt":"2026-02-06T01:49:28","slug":"was-sind-karikaturen","status":"publish","type":"page","link":"https:\/\/www.cartoons-talide.de\/?page_id=339","title":{"rendered":"Was sind Karikaturen?"},"content":{"rendered":"<p>[vc_row css=&#8220;.vc_custom_1648096963472{padding-bottom: 50px !important;}&#8220;][vc_column width=&#8220;1\/3&#8243;][vc_single_image image=&#8220;5589&#8243; img_size=&#8220;medium&#8220; alignment=&#8220;center&#8220; css_animation=&#8220;bounceIn&#8220;][\/vc_column][vc_column width=&#8220;1\/3&#8243;][vc_single_image image=&#8220;5578&#8243; img_size=&#8220;medium&#8220; alignment=&#8220;center&#8220; css_animation=&#8220;bounceIn&#8220;][\/vc_column][vc_column width=&#8220;1\/3&#8243;][vc_single_image image=&#8220;5577&#8243; img_size=&#8220;medium&#8220; alignment=&#8220;center&#8220; css_animation=&#8220;bounceIn&#8220;][\/vc_column][\/vc_row][vc_row el_class=&#8220;over-hide z-bigger&#8220; css=&#8220;.vc_custom_1552634248137{padding-bottom: 140px !important;}&#8220;][vc_column][vc_column_text]\u201eUnter Karikatur (von lateinisch: carrus = Karren, also: \u00dcberladung, und italienisch: caricare = \u00fcberladen, \u00fcbertreiben) versteht man die komisch \u00fcberzeichnete Darstellung von Menschen oder gesellschaftlichen Zust\u00e4nden, h\u00e4ufig mit politischer Tendenz. Die Zeichner von (bildlichen) Karikaturen nennt man Karikaturisten, das Zeichnen karikieren.<\/p>\n<p>Bei Karikaturen handelt es sich meist um eine bildliche Form der Satire, die sich als parteiische Kritik an bestehenden Werten oder politischen Verh\u00e4ltnissen versteht und oft als \u201eWaffe\u201d in gesellschaftlichen Auseinandersetzungen verwendet wird. Die Karikatur \u00fcbertreibt bewusst, spitzt zu und verzerrt charakteristische Z\u00fcge eines Ereignisses oder einer Person, um durch den aufgezeigten Kontrast zur Realit\u00e4t und die dargestellten Widerspr\u00fcche den Betrachter der Karikatur zum Nachdenken zu bewegen. Oftmals nimmt die Karikatur zu einem aktuellen Sachverhalt sarkastisch- ironisch Stellung.<\/p>\n<p>Wesentliche Fehler und M\u00e4ngel der dargestellten Person (z. B. eines Politikers) oder des dargestellten Objektes oder Ereignisses werden aufgedeckt und durch die Art und Weise der meist zeichnerischen Pr\u00e4sentation der L\u00e4cherlichkeit preisgegeben. Die Karikatur kann mehr satirisch oder eher humoristisch ausgerichtet sein, je nach dem, ob sie ihr Opfer v\u00f6llig verurteilt und l\u00e4cherlich macht oder \u2013 als blo\u00dfe Witzzeich nung \u2013 nur einige M\u00e4ngel mit leiser Ironie kommentieren will.<\/p>\n<p>Bei einer Deutung von einer Karikatur geht man in folgenden Schritten vor:<br \/>\n1. sich informieren, 2. beschreiben, 3. erkl\u00e4ren und 4. zusammenfassen.[\/vc_column_text][\/vc_column][vc_column][vc_column_text]<em>(Quelle: wikipedia.org)<\/em>[\/vc_column_text][\/vc_column][vc_column width=&#8220;1\/3&#8243;][\/vc_column][vc_column width=&#8220;2\/3&#8243; el_class=&#8220;padding-top z-bigger&#8220;][vc_column_text css_animation=&#8220;bounceInLeft&#8220; css=&#8220;.vc_custom_1769099475829{margin-bottom: 0px !important;}&#8220;]<\/p>\n<p class=\"lead-big color-white mb-0\" style=\"text-align: left;\"><span style=\"color: #ffcc00;\"><em>Erkl\u00e4r&#8217;s mal einfach! Mit den Mitteln von Cartoon und Karikatur<\/em><\/span><\/p>\n<p>[\/vc_column_text][\/vc_column][\/vc_row][vc_row el_class=&#8220;over-hide z-bigger background-dark-3 footer&#8220; css=&#8220;.vc_custom_1611447543531{background-color: #219226 !important;}&#8220;][vc_column css=&#8220;.vc_custom_1552634275819{padding-top: 100px !important;padding-bottom: 100px !important;}&#8220;]    <div class=\"shadow-on-footer\"  data-scroll-reveal=\"enter bottom move 30px over 0.5s after 0.1s\">Jetzt teilnehmen<\/div>    <div class=\"container\"  data-scroll-reveal=\"enter bottom move 20px over 0.5s after 0.4s\">\r\n        <div class=\"row\">\r\n            <div class=\"col-12 text-center z-bigger py-5\">\r\n                <div class=\"footer-lines\">\r\n                    <a class=\"hover-target animsition-link\" href=\"https:\/\/www.cartoons-talide.de\/?page_id=5783\" target=\"_self\"><h4>Hast du einen Cartoon?<\/h4><\/a>                <\/div>\r\n            <\/div>\r\n        <\/div>\r\n    <\/div>   \r\n\r\n    [\/vc_column][\/vc_row]<\/p>\n","protected":false},"excerpt":{"rendered":"<p>[vc_row css=&#8220;.vc_custom_1648096963472{padding-bottom: 50px !important;}&#8220;][vc_column width=&#8220;1\/3&#8243;][vc_single_image image=&#8220;5589&#8243; img_size=&#8220;medium&#8220; alignment=&#8220;center&#8220; css_animation=&#8220;bounceIn&#8220;][\/vc_column][vc_column width=&#8220;1\/3&#8243;][vc_single_image image=&#8220;5578&#8243; img_size=&#8220;medium&#8220; alignment=&#8220;center&#8220; css_animation=&#8220;bounceIn&#8220;][\/vc_column][vc_column width=&#8220;1\/3&#8243;][vc_single_image image=&#8220;5577&#8243; img_size=&#8220;medium&#8220; alignment=&#8220;center&#8220; css_animation=&#8220;bounceIn&#8220;][\/vc_column][\/vc_row][vc_row el_class=&#8220;over-hide z-bigger&#8220; css=&#8220;.vc_custom_1552634248137{padding-bottom: 140px !important;}&#8220;][vc_column][vc_column_text]\u201eUnter Karikatur (von lateinisch: carrus = Karren, also: \u00dcberladung, und italienisch: caricare = \u00fcberladen, \u00fcbertreiben) versteht man die komisch \u00fcberzeichnete Darstellung von Menschen oder gesellschaftlichen Zust\u00e4nden, h\u00e4ufig mit politischer Tendenz. Die Zeichner [&hellip;]<\/p>\n","protected":false},"author":1,"featured_media":0,"parent":0,"menu_order":0,"comment_status":"closed","ping_status":"closed","template":"","meta":[],"_links":{"self":[{"href":"https:\/\/www.cartoons-talide.de\/index.php?rest_route=\/wp\/v2\/pages\/339"}],"collection":[{"href":"https:\/\/www.cartoons-talide.de\/index.php?rest_route=\/wp\/v2\/pages"}],"about":[{"href":"https:\/\/www.cartoons-talide.de\/index.php?rest_route=\/wp\/v2\/types\/page"}],"author":[{"embeddable":true,"href":"https:\/\/www.cartoons-talide.de\/index.php?rest_route=\/wp\/v2\/users\/1"}],"replies":[{"embeddable":true,"href":"https:\/\/www.cartoons-talide.de\/index.php?rest_route=%2Fwp%2Fv2%2Fcomments&post=339"}],"version-history":[{"count":29,"href":"https:\/\/www.cartoons-talide.de\/index.php?rest_route=\/wp\/v2\/pages\/339\/revisions"}],"predecessor-version":[{"id":6414,"href":"https:\/\/www.cartoons-talide.de\/index.php?rest_route=\/wp\/v2\/pages\/339\/revisions\/6414"}],"wp:attachment":[{"href":"https:\/\/www.cartoons-talide.de\/index.php?rest_route=%2Fwp%2Fv2%2Fmedia&parent=339"}],"curies":[{"name":"wp","href":"https:\/\/api.w.org\/{rel}","templated":true}]}}